{"id":1654,"date":"2026-04-20T18:39:29","date_gmt":"2026-04-20T18:39:29","guid":{"rendered":"https:\/\/saavedramoreno.net\/wpwp\/?page_id=1654"},"modified":"2026-05-06T17:31:02","modified_gmt":"2026-05-06T17:31:02","slug":"mosaicos-de-la-alhambra","status":"publish","type":"page","link":"https:\/\/saavedramoreno.net\/wpwp\/ed-plastica-y-visual\/mosaicos-de-la-alhambra\/","title":{"rendered":"Mosaicos de la Alhambra"},"content":{"rendered":"\n<p>EJEMPLOS DE FLICKR: (<a href=\"https:\/\/www.flickr.com\/photos\/24168489@N04\/3284784846\/in\/photostream\/\">https:\/\/www.flickr.com\/photos\/24168489@N04\/3284784846\/in\/photostream\/<\/a>)<\/p>\n\n\n\n<figure class=\"wp-block-embed is-type-photo is-provider-flickr wp-block-embed-flickr\"><div class=\"wp-block-embed__wrapper\">\n<a href=\"https:\/\/www.flickr.com\/photos\/24168489@N04\/3284784846\/in\/photostream\/\"><img loading=\"lazy\" decoding=\"async\" src=\"https:\/\/live.staticflickr.com\/3494\/3284784846_ea613a1bfd_z.jpg\" alt=\"AVION 1\" width=\"588\" height=\"640\" \/><\/a>\n<\/div><\/figure>\n\n\n\n<h2 class=\"wp-block-heading\">EL HUESO NAZAR\u00cd<\/h2>\n\n\n\n<h2 class=\"wp-block-heading\">El \u00ab<a href=\"https:\/\/www.google.com\/search?q=hueso+nazar%C3%AD&amp;oq=alhambra+hueso+nazar&amp;gs_lcrp=EgZjaHJvbWUyBggAEEUYOTIICAEQABgWGB4yBwgCEAAY7wUyBwgDEAAY7wXSAQk2MjQzajBqMTWoAgiwAgHxBa08xb6Zx07x&amp;sourceid=chrome&amp;ie=UTF-8&amp;mstk=AUtExfDsY4--Vvibk-34jQWEUycpm6hrx_41xhrybf7DHLtYHrodBAYC3aY74ap7dicrU3I6zxRcplts1IQ4O7bJkeeeJNB4gRywVta4P7NdYorxYVz_xvIkC6WCBk-fl7UMV0pJx_IPzGu8Ucs0rbQlLTCjBm0ZTQd1Ked3vKFne_Vjpx3OdIDLtivyE-w6CZFppdLkFNb20B5R2ejZ24-BKUjbjkT1Kz9f4kOGF5Hi1VIFdM1AvaEY0XIKc2AQyEPV4cAy-izbjrF8h_70O8ZjP3Sd&amp;csui=3&amp;ved=2ahUKEwj1zfLenfyTAxVi7QIHHa9INzAQgK4QegQIARAB\">hueso nazar\u00ed<\/a>\u00bb es uno de los m\u00f3dulos geom\u00e9tricos fundamentales m\u00e1s conocidos de los alicatados de la Alhambra de Granada, caracterizado por ser un pol\u00edgono c\u00f3ncavo de doce lados que recubre el plano sin dejar huecos.<br><\/h2>\n\n\n\n<figure class=\"wp-block-image size-full is-resized\"><img loading=\"lazy\" decoding=\"async\" width=\"620\" height=\"463\" src=\"https:\/\/saavedramoreno.net\/wpwp\/wp-content\/uploads\/2026\/04\/El_Hueso.-EJEMPLO-FOTO.jpg\" alt=\"\" class=\"wp-image-1655\" style=\"aspect-ratio:1.3391122403228217;width:840px;height:auto\" srcset=\"https:\/\/saavedramoreno.net\/wpwp\/wp-content\/uploads\/2026\/04\/El_Hueso.-EJEMPLO-FOTO.jpg 620w, https:\/\/saavedramoreno.net\/wpwp\/wp-content\/uploads\/2026\/04\/El_Hueso.-EJEMPLO-FOTO-300x224.jpg 300w\" sizes=\"auto, (max-width: 620px) 100vw, 620px\" \/><\/figure>\n\n\n\n<p>C\u00d3MO DIBUJARLO, V\u00cdDEO:<\/p>\n\n\n\n<figure class=\"wp-block-embed is-type-video is-provider-youtube wp-block-embed-youtube wp-embed-aspect-16-9 wp-has-aspect-ratio\"><div class=\"wp-block-embed__wrapper\">\n<iframe loading=\"lazy\" title=\"As\u00ed se traza el HUESO (m\u00f3dulo de MOSAICO NAZAR\u00cd)\" width=\"696\" height=\"392\" src=\"https:\/\/www.youtube.com\/embed\/TGqOPK25zng?feature=oembed\" frameborder=\"0\" allow=\"accelerometer; autoplay; clipboard-write; encrypted-media; gyroscope; picture-in-picture; web-share\" referrerpolicy=\"strict-origin-when-cross-origin\" allowfullscreen><\/iframe>\n<\/div><\/figure>\n\n\n\n<figure class=\"wp-block-image size-large\"><img loading=\"lazy\" decoding=\"async\" width=\"520\" height=\"1024\" src=\"https:\/\/saavedramoreno.net\/wpwp\/wp-content\/uploads\/2026\/04\/Hueso-NAZARIFOTO-Y-DIBUJO-520x1024.jpg\" alt=\"\" class=\"wp-image-1656\" srcset=\"https:\/\/saavedramoreno.net\/wpwp\/wp-content\/uploads\/2026\/04\/Hueso-NAZARIFOTO-Y-DIBUJO-520x1024.jpg 520w, https:\/\/saavedramoreno.net\/wpwp\/wp-content\/uploads\/2026\/04\/Hueso-NAZARIFOTO-Y-DIBUJO-152x300.jpg 152w, https:\/\/saavedramoreno.net\/wpwp\/wp-content\/uploads\/2026\/04\/Hueso-NAZARIFOTO-Y-DIBUJO-rotated.jpg 566w\" sizes=\"auto, (max-width: 520px) 100vw, 520px\" \/><\/figure>\n\n\n\n<figure class=\"wp-block-image size-large\"><img loading=\"lazy\" decoding=\"async\" width=\"724\" height=\"1024\" src=\"https:\/\/saavedramoreno.net\/wpwp\/wp-content\/uploads\/2026\/04\/HUESO-NAZARI-EJERCICIO-1-724x1024.jpg\" alt=\"\" class=\"wp-image-1658\" srcset=\"https:\/\/saavedramoreno.net\/wpwp\/wp-content\/uploads\/2026\/04\/HUESO-NAZARI-EJERCICIO-1-724x1024.jpg 724w, https:\/\/saavedramoreno.net\/wpwp\/wp-content\/uploads\/2026\/04\/HUESO-NAZARI-EJERCICIO-1-212x300.jpg 212w, https:\/\/saavedramoreno.net\/wpwp\/wp-content\/uploads\/2026\/04\/HUESO-NAZARI-EJERCICIO-1-768x1086.jpg 768w, https:\/\/saavedramoreno.net\/wpwp\/wp-content\/uploads\/2026\/04\/HUESO-NAZARI-EJERCICIO-1-1086x1536.jpg 1086w, https:\/\/saavedramoreno.net\/wpwp\/wp-content\/uploads\/2026\/04\/HUESO-NAZARI-EJERCICIO-1-1448x2048.jpg 1448w, https:\/\/saavedramoreno.net\/wpwp\/wp-content\/uploads\/2026\/04\/HUESO-NAZARI-EJERCICIO-1.jpg 1654w\" sizes=\"auto, (max-width: 724px) 100vw, 724px\" \/><\/figure>\n\n\n\n<h2 class=\"wp-block-heading\">EL PEZ VOLADOR<\/h2>\n\n\n\n<figure class=\"wp-block-embed is-type-video is-provider-youtube wp-block-embed-youtube wp-embed-aspect-16-9 wp-has-aspect-ratio\"><div class=\"wp-block-embed__wrapper\">\n<iframe loading=\"lazy\" title=\"Dise\u00f1o, trazado de m\u00f3dulo nazar\u00ed Pez volador, arte musulm\u00e1n, ALhambra, Librecad\" width=\"696\" height=\"392\" src=\"https:\/\/www.youtube.com\/embed\/buheRBS4t4k?start=9&#038;feature=oembed\" frameborder=\"0\" allow=\"accelerometer; autoplay; clipboard-write; encrypted-media; gyroscope; picture-in-picture; web-share\" referrerpolicy=\"strict-origin-when-cross-origin\" allowfullscreen><\/iframe>\n<\/div><\/figure>\n\n\n\n<h2 class=\"wp-block-heading\">El \u00abpez volador\u00bb <mark>es una de las teselas (piezas de mosaico) m\u00e1s caracter\u00edsticas de la decoraci\u00f3n geom\u00e9trica nazar\u00ed en la <a href=\"https:\/\/www.alhambra-granada-tickets.com\/es\/facts\/\" target=\"_blank\" rel=\"noreferrer noopener\">Alhambra<\/a><\/mark>. Se obtiene mediante la transformaci\u00f3n de un cuadrado, manteniendo su \u00e1rea para teselar el plano. Esta forma geom\u00e9trica se encuentra en lugares destacados como el <a href=\"https:\/\/www.instagram.com\/p\/CFcympAq_nv\/\" target=\"_blank\" rel=\"noreferrer noopener\">Sal\u00f3n de Comares<\/a>. <\/h2>\n\n\n\n<figure class=\"wp-block-image size-full\"><img loading=\"lazy\" decoding=\"async\" width=\"400\" height=\"263\" src=\"https:\/\/saavedramoreno.net\/wpwp\/wp-content\/uploads\/2026\/05\/EL-PEZ-VOLADOR-FOTO-REAL-1-rotated.jpg\" alt=\"\" class=\"wp-image-1691\" srcset=\"https:\/\/saavedramoreno.net\/wpwp\/wp-content\/uploads\/2026\/05\/EL-PEZ-VOLADOR-FOTO-REAL-1-rotated.jpg 400w, https:\/\/saavedramoreno.net\/wpwp\/wp-content\/uploads\/2026\/05\/EL-PEZ-VOLADOR-FOTO-REAL-1-300x197.jpg 300w\" sizes=\"auto, (max-width: 400px) 100vw, 400px\" \/><\/figure>\n\n\n\n<figure class=\"wp-block-image size-full\"><img loading=\"lazy\" decoding=\"async\" width=\"1230\" height=\"818\" src=\"https:\/\/saavedramoreno.net\/wpwp\/wp-content\/uploads\/2026\/05\/07-pez-volador.EJEMPLO.jpg\" alt=\"\" class=\"wp-image-1692\" srcset=\"https:\/\/saavedramoreno.net\/wpwp\/wp-content\/uploads\/2026\/05\/07-pez-volador.EJEMPLO.jpg 1230w, https:\/\/saavedramoreno.net\/wpwp\/wp-content\/uploads\/2026\/05\/07-pez-volador.EJEMPLO-300x200.jpg 300w, https:\/\/saavedramoreno.net\/wpwp\/wp-content\/uploads\/2026\/05\/07-pez-volador.EJEMPLO-1024x681.jpg 1024w, https:\/\/saavedramoreno.net\/wpwp\/wp-content\/uploads\/2026\/05\/07-pez-volador.EJEMPLO-768x511.jpg 768w\" sizes=\"auto, (max-width: 1230px) 100vw, 1230px\" \/><\/figure>\n\n\n\n<div data-wp-interactive=\"core\/file\" class=\"wp-block-file\"><object data-wp-bind--hidden=\"!state.hasPdfPreview\" hidden class=\"wp-block-file__embed\" data=\"https:\/\/saavedramoreno.net\/wpwp\/wp-content\/uploads\/2026\/05\/07-pez-volador-ficha-IMPRIMIR.pdf\" type=\"application\/pdf\" style=\"width:100%;height:600px\" aria-label=\"Incrustado de 07-pez volador-ficha IMPRIMIR.\"><\/object><a id=\"wp-block-file--media-60359bcc-31fd-49f4-aa57-367490bdb34f\" href=\"https:\/\/saavedramoreno.net\/wpwp\/wp-content\/uploads\/2026\/05\/07-pez-volador-ficha-IMPRIMIR.pdf\">07-pez volador-ficha IMPRIMIR<\/a><a href=\"https:\/\/saavedramoreno.net\/wpwp\/wp-content\/uploads\/2026\/05\/07-pez-volador-ficha-IMPRIMIR.pdf\" class=\"wp-block-file__button wp-element-button\" download aria-describedby=\"wp-block-file--media-60359bcc-31fd-49f4-aa57-367490bdb34f\">Descarga<\/a><\/div>\n","protected":false},"excerpt":{"rendered":"<p>EJEMPLOS DE FLICKR: (https:\/\/www.flickr.com\/photos\/24168489@N04\/3284784846\/in\/photostream\/) EL HUESO NAZAR\u00cd El \u00abhueso nazar\u00ed\u00bb es uno de los m\u00f3dulos geom\u00e9tricos fundamentales m\u00e1s conocidos de los alicatados de la Alhambra de Granada, caracterizado por ser un pol\u00edgono c\u00f3ncavo de doce lados que recubre el plano sin dejar huecos. C\u00d3MO DIBUJARLO, V\u00cdDEO: EL PEZ VOLADOR El \u00abpez volador\u00bb es una de [&hellip;]<\/p>\n","protected":false},"author":1,"featured_media":0,"parent":1309,"menu_order":0,"comment_status":"closed","ping_status":"closed","template":"template-parts\/template-page-full-width.php","meta":{"footnotes":""},"class_list":["post-1654","page","type-page","status-publish","hentry"],"_links":{"self":[{"href":"https:\/\/saavedramoreno.net\/wpwp\/wp-json\/wp\/v2\/pages\/1654","targetHints":{"allow":["GET"]}}],"collection":[{"href":"https:\/\/saavedramoreno.net\/wpwp\/wp-json\/wp\/v2\/pages"}],"about":[{"href":"https:\/\/saavedramoreno.net\/wpwp\/wp-json\/wp\/v2\/types\/page"}],"author":[{"embeddable":true,"href":"https:\/\/saavedramoreno.net\/wpwp\/wp-json\/wp\/v2\/users\/1"}],"replies":[{"embeddable":true,"href":"https:\/\/saavedramoreno.net\/wpwp\/wp-json\/wp\/v2\/comments?post=1654"}],"version-history":[{"count":5,"href":"https:\/\/saavedramoreno.net\/wpwp\/wp-json\/wp\/v2\/pages\/1654\/revisions"}],"predecessor-version":[{"id":1694,"href":"https:\/\/saavedramoreno.net\/wpwp\/wp-json\/wp\/v2\/pages\/1654\/revisions\/1694"}],"up":[{"embeddable":true,"href":"https:\/\/saavedramoreno.net\/wpwp\/wp-json\/wp\/v2\/pages\/1309"}],"wp:attachment":[{"href":"https:\/\/saavedramoreno.net\/wpwp\/wp-json\/wp\/v2\/media?parent=1654"}],"curies":[{"name":"wp","href":"https:\/\/api.w.org\/{rel}","templated":true}]}}