{"id":1670,"date":"2026-04-28T08:06:32","date_gmt":"2026-04-28T08:06:32","guid":{"rendered":"https:\/\/saavedramoreno.net\/wpwp\/?page_id=1670"},"modified":"2026-04-28T08:46:27","modified_gmt":"2026-04-28T08:46:27","slug":"romanticismo","status":"publish","type":"page","link":"https:\/\/saavedramoreno.net\/wpwp\/romanticismo\/","title":{"rendered":"ROMANTICISMO"},"content":{"rendered":"\n<p>BEETHOVEN MARCA LA EVOLUCI\u00d3N DEL CLASICISMO AL ROMANTICISMO<\/p>\n\n\n\n<p>EXALTACI\u00d3N DE LAS EMOCIONES Y LOS SENTIMIENTOS.<\/p>\n\n\n\n<p>FORMAS MUSICALES CORTAS Y EXPRESIVAS: NOCTURNO, IMPROMPTU, BAGATELA.<\/p>\n\n\n\n<p>VIRTUOSISMO<\/p>\n\n\n\n<p>GUSTO POR LO EX\u00d3TICO (ORIENTAL)<\/p>\n\n\n\n<p>M\u00daSICO LIBRE: <mark>se emancip\u00f3 de la tutela de la Iglesia y la aristocracia, convirti\u00e9ndose en un profesional libre e independiente<\/mark> (conciertos, partituras).<\/p>\n\n\n\n<p><\/p>\n\n\n\n<p>RESUMEN 9 MIN (ANIMACI\u00d3N)<\/p>\n\n\n\n<figure class=\"wp-block-embed is-type-video is-provider-youtube wp-block-embed-youtube wp-embed-aspect-16-9 wp-has-aspect-ratio\"><div class=\"wp-block-embed__wrapper\">\n<iframe loading=\"lazy\" title=\"El Romanticismo musical \ud83c\udfbc La \u00e9poca en que la m\u00fasica empez\u00f3 a hablar al coraz\u00f3n | Once Upon The Music\" width=\"696\" height=\"392\" src=\"https:\/\/www.youtube.com\/embed\/z9ZBMS8JjWo?feature=oembed\" frameborder=\"0\" allow=\"accelerometer; autoplay; clipboard-write; encrypted-media; gyroscope; picture-in-picture; web-share\" referrerpolicy=\"strict-origin-when-cross-origin\" allowfullscreen><\/iframe>\n<\/div><\/figure>\n\n\n\n<p>RESUMEN 6:30 MIN, (LATINO)<\/p>\n\n\n\n<figure class=\"wp-block-embed is-type-video is-provider-youtube wp-block-embed-youtube wp-embed-aspect-16-9 wp-has-aspect-ratio\"><div class=\"wp-block-embed__wrapper\">\n<iframe loading=\"lazy\" title=\"EL ROMANTICISMO MUSICAL\" width=\"696\" height=\"392\" src=\"https:\/\/www.youtube.com\/embed\/O9TQDVuPE0I?feature=oembed\" frameborder=\"0\" allow=\"accelerometer; autoplay; clipboard-write; encrypted-media; gyroscope; picture-in-picture; web-share\" referrerpolicy=\"strict-origin-when-cross-origin\" allowfullscreen><\/iframe>\n<\/div><\/figure>\n\n\n\n<p>ESCENA DE \u00abEL VIOL\u00cdN ROJO\u00bb NI\u00d1O VIRTUOSO (METR\u00d3NOMO)<\/p>\n\n\n\n<figure class=\"wp-block-embed is-type-video is-provider-youtube wp-block-embed-youtube wp-embed-aspect-4-3 wp-has-aspect-ratio\"><div class=\"wp-block-embed__wrapper\">\n<iframe loading=\"lazy\" title=\"El Violin Rojo - Metronomo\" width=\"696\" height=\"522\" src=\"https:\/\/www.youtube.com\/embed\/yK2HqKmzWk0?feature=oembed\" frameborder=\"0\" allow=\"accelerometer; autoplay; clipboard-write; encrypted-media; gyroscope; picture-in-picture; web-share\" referrerpolicy=\"strict-origin-when-cross-origin\" allowfullscreen><\/iframe>\n<\/div><\/figure>\n\n\n\n<p>HIMNO DE LA ALEGR\u00cdA, CORO NOVENA SINFON\u00cdA<\/p>\n\n\n\n<figure class=\"wp-block-embed is-type-video is-provider-youtube wp-block-embed-youtube wp-embed-aspect-16-9 wp-has-aspect-ratio\"><div class=\"wp-block-embed__wrapper\">\n<iframe loading=\"lazy\" title=\"Extracto Novena Beethoven - &quot;Himno de la Alegr\u00eda&quot;\" width=\"696\" height=\"392\" src=\"https:\/\/www.youtube.com\/embed\/ra1g6EKLAtQ?feature=oembed\" frameborder=\"0\" allow=\"accelerometer; autoplay; clipboard-write; encrypted-media; gyroscope; picture-in-picture; web-share\" referrerpolicy=\"strict-origin-when-cross-origin\" allowfullscreen><\/iframe>\n<\/div><\/figure>\n\n\n\n<p>LIED<\/p>\n\n\n\n<figure class=\"wp-block-embed is-type-video is-provider-youtube wp-block-embed-youtube wp-embed-aspect-16-9 wp-has-aspect-ratio\"><div class=\"wp-block-embed__wrapper\">\n<iframe loading=\"lazy\" title=\"&quot;Kl\u00e4rchens Lied&quot; (Franz Schubert) ~ Claire Herzog, M.M., soprano\" width=\"696\" height=\"392\" src=\"https:\/\/www.youtube.com\/embed\/l4Lu70y7lkc?feature=oembed\" frameborder=\"0\" allow=\"accelerometer; autoplay; clipboard-write; encrypted-media; gyroscope; picture-in-picture; web-share\" referrerpolicy=\"strict-origin-when-cross-origin\" allowfullscreen><\/iframe>\n<\/div><\/figure>\n","protected":false},"excerpt":{"rendered":"<p>BEETHOVEN MARCA LA EVOLUCI\u00d3N DEL CLASICISMO AL ROMANTICISMO EXALTACI\u00d3N DE LAS EMOCIONES Y LOS SENTIMIENTOS. FORMAS MUSICALES CORTAS Y EXPRESIVAS: NOCTURNO, IMPROMPTU, BAGATELA. VIRTUOSISMO GUSTO POR LO EX\u00d3TICO (ORIENTAL) M\u00daSICO LIBRE: se emancip\u00f3 de la tutela de la Iglesia y la aristocracia, convirti\u00e9ndose en un profesional libre e independiente (conciertos, partituras). RESUMEN 9 MIN (ANIMACI\u00d3N) [&hellip;]<\/p>\n","protected":false},"author":1,"featured_media":0,"parent":0,"menu_order":0,"comment_status":"closed","ping_status":"closed","template":"template-parts\/template-page-full-width.php","meta":{"footnotes":""},"class_list":["post-1670","page","type-page","status-publish","hentry"],"_links":{"self":[{"href":"https:\/\/saavedramoreno.net\/wpwp\/wp-json\/wp\/v2\/pages\/1670","targetHints":{"allow":["GET"]}}],"collection":[{"href":"https:\/\/saavedramoreno.net\/wpwp\/wp-json\/wp\/v2\/pages"}],"about":[{"href":"https:\/\/saavedramoreno.net\/wpwp\/wp-json\/wp\/v2\/types\/page"}],"author":[{"embeddable":true,"href":"https:\/\/saavedramoreno.net\/wpwp\/wp-json\/wp\/v2\/users\/1"}],"replies":[{"embeddable":true,"href":"https:\/\/saavedramoreno.net\/wpwp\/wp-json\/wp\/v2\/comments?post=1670"}],"version-history":[{"count":5,"href":"https:\/\/saavedramoreno.net\/wpwp\/wp-json\/wp\/v2\/pages\/1670\/revisions"}],"predecessor-version":[{"id":1676,"href":"https:\/\/saavedramoreno.net\/wpwp\/wp-json\/wp\/v2\/pages\/1670\/revisions\/1676"}],"wp:attachment":[{"href":"https:\/\/saavedramoreno.net\/wpwp\/wp-json\/wp\/v2\/media?parent=1670"}],"curies":[{"name":"wp","href":"https:\/\/api.w.org\/{rel}","templated":true}]}}